{"id":379,"date":"2019-02-19T17:17:37","date_gmt":"2019-02-19T17:17:37","guid":{"rendered":"https:\/\/samsonrh.ca\/partenaires\/"},"modified":"2021-02-04T20:43:46","modified_gmt":"2021-02-04T20:43:46","slug":"partners","status":"publish","type":"page","link":"https:\/\/samsonrh.ca\/en\/partners\/","title":{"rendered":"Partners"},"content":{"rendered":"<div class=\"wpb-content-wrapper\"><p>[vc_row row_height_percent=&#8221;0&#8243; back_image=&#8221;317&#8243; back_repeat=&#8221;no-repeat&#8221; back_position=&#8221;center center&#8221; overlay_color=&#8221;color-jevc&#8221; overlay_alpha=&#8221;38&#8243; gutter_size=&#8221;3&#8243; column_width_percent=&#8221;100&#8243; shift_y=&#8221;0&#8243; z_index=&#8221;0&#8243; css=&#8221;.vc_custom_1612471127412{padding-top: 40px !important;padding-bottom: 40px !important;}&#8221;][vc_column width=&#8221;1\/6&#8243;][\/vc_column][vc_column column_width_percent=&#8221;100&#8243; gutter_size=&#8221;3&#8243; override_padding=&#8221;yes&#8221; column_padding=&#8221;0&#8243; back_color=&#8221;color-xsdn&#8221; overlay_alpha=&#8221;50&#8243; shift_x=&#8221;0&#8243; shift_y=&#8221;0&#8243; shift_y_down=&#8221;0&#8243; z_index=&#8221;0&#8243; medium_width=&#8221;0&#8243; mobile_width=&#8221;0&#8243; width=&#8221;2\/3&#8243; css=&#8221;.vc_custom_1612385585814{padding-top: 15px !important;padding-right: 15px !important;padding-bottom: 15px !important;padding-left: 15px !important;}&#8221;][vc_column_text border_color=&#8221;color-444684&#8243; border_style=&#8221;solid&#8221; css=&#8221;.vc_custom_1612471400687{border-top-width: 3px !important;border-right-width: 3px !important;border-bottom-width: 3px !important;border-left-width: 3px !important;padding-top: 10px !important;padding-right: 20px !important;padding-bottom: 10px !important;padding-left: 20px !important;}&#8221;]<\/p>\n<h1 style=\"text-align: center;\">Partners<\/h1>\n<p>[\/vc_column_text][\/vc_column][vc_column width=&#8221;1\/6&#8243;][\/vc_column][\/vc_row][vc_row row_height_percent=&#8221;0&#8243; overlay_alpha=&#8221;50&#8243; gutter_size=&#8221;3&#8243; column_width_percent=&#8221;100&#8243; shift_y=&#8221;0&#8243; z_index=&#8221;0&#8243; css=&#8221;.vc_custom_1612471176685{margin-top: 15px !important;}&#8221;][vc_column width=&#8221;1\/1&#8243;][vc_column_text]<\/p>\n<p style=\"text-align: center;\">Plusieurs ressources de notre \u00e9quipe sont membre de l\u2019Ordre des Conseillers en Ressources Humaine Agr\u00e9e. Le titre donne \u00e0 nos clients la garantie que le professionnel agr\u00e9\u00e9 qu&#8217;il embauche poss\u00e8de la formation et la comp\u00e9tence exig\u00e9e. Le titre indique aussi qu&#8217;il respecte un code de d\u00e9ontologie et satisfait \u00e0 des exigences \u00e9lev\u00e9es.<\/p>\n<h6 style=\"text-align: center;\">De plus, notre \u00e9quipe se tient \u00e0 l\u2019affut des besoins du march\u00e9, nous sommes membre de diff\u00e9rents regroupements de gens d\u2019affaire et nous avons d\u00e9velopper de tr\u00e8s belles relations avec diff\u00e9rentes firmes compl\u00e9mentaires \u00e0 la n\u00f4tre.<\/h6>\n<p>[\/vc_column_text][\/vc_column][\/vc_row][vc_row][vc_column column_width_percent=&#8221;100&#8243; gutter_size=&#8221;3&#8243; overlay_alpha=&#8221;50&#8243; shift_x=&#8221;0&#8243; shift_y=&#8221;0&#8243; shift_y_down=&#8221;0&#8243; z_index=&#8221;0&#8243; medium_width=&#8221;0&#8243; mobile_width=&#8221;0&#8243; width=&#8221;1\/2&#8243; link_to=&#8221;url:http%3A%2F%2Fgroupeambition.ca%2Femployeur-remarquable%2F|target:_blank&#8221;][vc_single_image media=&#8221;1482&#8243; media_width_use_pixel=&#8221;yes&#8221; alignment=&#8221;center&#8221; media_width_pixel=&#8221;250&#8243;][vc_column_text css=&#8221;.vc_custom_1612470885687{margin-top: 10px !important;}&#8221;]<\/p>\n<p style=\"text-align: center;\">Samson RH est fier partenaire du Groupe Ambition, cr\u00e9ateur de la certification Employeur remarquable.<\/p>\n<p>[\/vc_column_text][\/vc_column][vc_column column_width_percent=&#8221;100&#8243; gutter_size=&#8221;3&#8243; overlay_alpha=&#8221;50&#8243; shift_x=&#8221;0&#8243; shift_y=&#8221;0&#8243; shift_y_down=&#8221;0&#8243; z_index=&#8221;0&#8243; medium_width=&#8221;0&#8243; mobile_width=&#8221;0&#8243; width=&#8221;1\/2&#8243; link_to=&#8221;url:https%3A%2F%2Fwww.bnq.qc.ca%2Ffr%2Fcertification%2Fsante-au-travail%2Femployeur-remarquable.html|target:_blank&#8221;][vc_single_image media=&#8221;1484&#8243; media_width_use_pixel=&#8221;yes&#8221; alignment=&#8221;center&#8221; media_width_pixel=&#8221;250&#8243;][vc_column_text css=&#8221;.vc_custom_1612470915966{margin-top: 10px !important;}&#8221;]<\/p>\n<p style=\"text-align: center;\">Bureau de normalisation du Qu\u00e9bec (BNQ), un organisme mandat\u00e9 par le gouvernement pour d\u00e9velopper des normes respectant les exigences du Conseil canadien des normes, de l\u2019ISO et de l\u2019OMC.<\/p>\n<p>[\/vc_column_text][\/vc_column][\/vc_row][vc_row row_height_percent=&#8221;0&#8243; overlay_alpha=&#8221;50&#8243; gutter_size=&#8221;3&#8243; column_width_percent=&#8221;100&#8243; shift_y=&#8221;0&#8243; z_index=&#8221;0&#8243; css=&#8221;.vc_custom_1612471160526{margin-bottom: 30px !important;}&#8221;][vc_column column_width_percent=&#8221;100&#8243; gutter_size=&#8221;3&#8243; overlay_alpha=&#8221;50&#8243; shift_x=&#8221;0&#8243; shift_y=&#8221;0&#8243; shift_y_down=&#8221;0&#8243; z_index=&#8221;0&#8243; medium_width=&#8221;0&#8243; mobile_width=&#8221;0&#8243; width=&#8221;1\/2&#8243; link_to=&#8221;url:https%3A%2F%2Fccgatineau.ca%2F|target:_blank&#8221;][vc_single_image media=&#8221;1486&#8243; media_width_use_pixel=&#8221;yes&#8221; alignment=&#8221;center&#8221; media_width_pixel=&#8221;250&#8243;][vc_column_text css=&#8221;.vc_custom_1612470988142{margin-top: 10px !important;}&#8221;]<\/p>\n<p style=\"text-align: center;\">Samson RH est fier d\u2019\u00eatre membre actif de la Chambre de Commerce de Gatineau depuis 2006.<\/p>\n<p>[\/vc_column_text][\/vc_column][vc_column column_width_percent=&#8221;100&#8243; gutter_size=&#8221;3&#8243; overlay_alpha=&#8221;50&#8243; shift_x=&#8221;0&#8243; shift_y=&#8221;0&#8243; shift_y_down=&#8221;0&#8243; z_index=&#8221;0&#8243; medium_width=&#8221;0&#8243; mobile_width=&#8221;0&#8243; width=&#8221;1\/2&#8243; link_to=&#8221;url:https%3A%2F%2Fwww.ccvpn.org%2F|target:_blank&#8221;][vc_single_image media=&#8221;1488&#8243; media_width_use_pixel=&#8221;yes&#8221; alignment=&#8221;center&#8221; media_width_pixel=&#8221;250&#8243;][vc_column_text css=&#8221;.vc_custom_1612471014898{margin-top: 10px !important;}&#8221;]<\/p>\n<p style=\"text-align: center;\">Samson RH est fier d\u2019\u00eatre membre de la Chambre de Commerce de la Vall\u00e9e de la Petite Nation.<\/p>\n<p>[\/vc_column_text][\/vc_column][\/vc_row]<\/p>\n<\/div>","protected":false},"excerpt":{"rendered":"<p>[vc_row row_height_percent=&#8221;0&#8243; back_image=&#8221;317&#8243; back_repeat=&#8221;no-repeat&#8221; back_position=&#8221;center center&#8221; overlay_color=&#8221;color-jevc&#8221; overlay_alpha=&#8221;38&#8243; gutter_size=&#8221;3&#8243; column_width_percent=&#8221;100&#8243; shift_y=&#8221;0&#8243; z_index=&#8221;0&#8243; css=&#8221;.vc_custom_1612471127412{padding-top: 40px !important;padding-bottom: 40px !important;}&#8221;][vc_column width=&#8221;1\/6&#8243;][\/vc_column][vc_column column_width_percent=&#8221;100&#8243; gutter_size=&#8221;3&#8243; [&hellip;]<\/p>\n","protected":false},"author":8,"featured_media":0,"parent":0,"menu_order":0,"comment_status":"closed","ping_status":"closed","template":"","meta":{"footnotes":""},"class_list":["post-379","page","type-page","status-publish","hentry"],"yoast_head":"<!-- This site is optimized with the Yoast SEO plugin v25.9 - https:\/\/yoast.com\/wordpress\/plugins\/seo\/ -->\n<title>Partners - Samson RH<\/title>\n<meta name=\"robots\" content=\"index, follow, max-snippet:-1, max-image-preview:large, max-video-preview:-1\" \/>\n<link rel=\"canonical\" href=\"https:\/\/samsonrh.ca\/en\/partners\/\" \/>\n<meta property=\"og:locale\" content=\"en_US\" \/>\n<meta property=\"og:type\" content=\"article\" \/>\n<meta property=\"og:title\" content=\"Partners - Samson RH\" \/>\n<meta property=\"og:description\" content=\"[vc_row row_height_percent=&#8221;0&#8243; back_image=&#8221;317&#8243; back_repeat=&#8221;no-repeat&#8221; back_position=&#8221;center center&#8221; overlay_color=&#8221;color-jevc&#8221; overlay_alpha=&#8221;38&#8243; gutter_size=&#8221;3&#8243; column_width_percent=&#8221;100&#8243; shift_y=&#8221;0&#8243; z_index=&#8221;0&#8243; css=&#8221;.vc_custom_1612471127412{padding-top: 40px !important;padding-bottom: 40px !important;}&#8221;][vc_column width=&#8221;1\/6&#8243;][\/vc_column][vc_column column_width_percent=&#8221;100&#8243; gutter_size=&#8221;3&#8243; [&hellip;]\" \/>\n<meta property=\"og:url\" content=\"https:\/\/samsonrh.ca\/en\/partners\/\" \/>\n<meta property=\"og:site_name\" content=\"Samson RH\" \/>\n<meta property=\"article:modified_time\" content=\"2021-02-04T20:43:46+00:00\" \/>\n<meta name=\"twitter:card\" content=\"summary_large_image\" \/>\n<meta name=\"twitter:label1\" content=\"Est. reading time\" \/>\n\t<meta name=\"twitter:data1\" content=\"3 minutes\" \/>\n<script type=\"application\/ld+json\" class=\"yoast-schema-graph\">{\"@context\":\"https:\/\/schema.org\",\"@graph\":[{\"@type\":\"WebPage\",\"@id\":\"https:\/\/samsonrh.ca\/en\/partners\/\",\"url\":\"https:\/\/samsonrh.ca\/en\/partners\/\",\"name\":\"Partners - Samson RH\",\"isPartOf\":{\"@id\":\"https:\/\/samsonrh.ca\/#website\"},\"datePublished\":\"2019-02-19T17:17:37+00:00\",\"dateModified\":\"2021-02-04T20:43:46+00:00\",\"breadcrumb\":{\"@id\":\"https:\/\/samsonrh.ca\/en\/partners\/#breadcrumb\"},\"inLanguage\":\"en-CA\",\"potentialAction\":[{\"@type\":\"ReadAction\",\"target\":[\"https:\/\/samsonrh.ca\/en\/partners\/\"]}]},{\"@type\":\"BreadcrumbList\",\"@id\":\"https:\/\/samsonrh.ca\/en\/partners\/#breadcrumb\",\"itemListElement\":[{\"@type\":\"ListItem\",\"position\":1,\"name\":\"Accueil\",\"item\":\"https:\/\/samsonrh.ca\/en\/home-sun\/\"},{\"@type\":\"ListItem\",\"position\":2,\"name\":\"Partners\"}]},{\"@type\":\"WebSite\",\"@id\":\"https:\/\/samsonrh.ca\/#website\",\"url\":\"https:\/\/samsonrh.ca\/\",\"name\":\"Samson RH\",\"description\":\"Ressources humaines\",\"potentialAction\":[{\"@type\":\"SearchAction\",\"target\":{\"@type\":\"EntryPoint\",\"urlTemplate\":\"https:\/\/samsonrh.ca\/?s={search_term_string}\"},\"query-input\":{\"@type\":\"PropertyValueSpecification\",\"valueRequired\":true,\"valueName\":\"search_term_string\"}}],\"inLanguage\":\"en-CA\"}]}<\/script>\n<!-- \/ Yoast SEO plugin. -->","yoast_head_json":{"title":"Partners - Samson RH","robots":{"index":"index","follow":"follow","max-snippet":"max-snippet:-1","max-image-preview":"max-image-preview:large","max-video-preview":"max-video-preview:-1"},"canonical":"https:\/\/samsonrh.ca\/en\/partners\/","og_locale":"en_US","og_type":"article","og_title":"Partners - Samson RH","og_description":"[vc_row row_height_percent=&#8221;0&#8243; back_image=&#8221;317&#8243; back_repeat=&#8221;no-repeat&#8221; back_position=&#8221;center center&#8221; overlay_color=&#8221;color-jevc&#8221; overlay_alpha=&#8221;38&#8243; gutter_size=&#8221;3&#8243; column_width_percent=&#8221;100&#8243; shift_y=&#8221;0&#8243; z_index=&#8221;0&#8243; css=&#8221;.vc_custom_1612471127412{padding-top: 40px !important;padding-bottom: 40px !important;}&#8221;][vc_column width=&#8221;1\/6&#8243;][\/vc_column][vc_column column_width_percent=&#8221;100&#8243; gutter_size=&#8221;3&#8243; [&hellip;]","og_url":"https:\/\/samsonrh.ca\/en\/partners\/","og_site_name":"Samson RH","article_modified_time":"2021-02-04T20:43:46+00:00","twitter_card":"summary_large_image","twitter_misc":{"Est. reading time":"3 minutes"},"schema":{"@context":"https:\/\/schema.org","@graph":[{"@type":"WebPage","@id":"https:\/\/samsonrh.ca\/en\/partners\/","url":"https:\/\/samsonrh.ca\/en\/partners\/","name":"Partners - Samson RH","isPartOf":{"@id":"https:\/\/samsonrh.ca\/#website"},"datePublished":"2019-02-19T17:17:37+00:00","dateModified":"2021-02-04T20:43:46+00:00","breadcrumb":{"@id":"https:\/\/samsonrh.ca\/en\/partners\/#breadcrumb"},"inLanguage":"en-CA","potentialAction":[{"@type":"ReadAction","target":["https:\/\/samsonrh.ca\/en\/partners\/"]}]},{"@type":"BreadcrumbList","@id":"https:\/\/samsonrh.ca\/en\/partners\/#breadcrumb","itemListElement":[{"@type":"ListItem","position":1,"name":"Accueil","item":"https:\/\/samsonrh.ca\/en\/home-sun\/"},{"@type":"ListItem","position":2,"name":"Partners"}]},{"@type":"WebSite","@id":"https:\/\/samsonrh.ca\/#website","url":"https:\/\/samsonrh.ca\/","name":"Samson RH","description":"Ressources humaines","potentialAction":[{"@type":"SearchAction","target":{"@type":"EntryPoint","urlTemplate":"https:\/\/samsonrh.ca\/?s={search_term_string}"},"query-input":{"@type":"PropertyValueSpecification","valueRequired":true,"valueName":"search_term_string"}}],"inLanguage":"en-CA"}]}},"_links":{"self":[{"href":"https:\/\/samsonrh.ca\/en\/wp-json\/wp\/v2\/pages\/379","targetHints":{"allow":["GET"]}}],"collection":[{"href":"https:\/\/samsonrh.ca\/en\/wp-json\/wp\/v2\/pages"}],"about":[{"href":"https:\/\/samsonrh.ca\/en\/wp-json\/wp\/v2\/types\/page"}],"author":[{"embeddable":true,"href":"https:\/\/samsonrh.ca\/en\/wp-json\/wp\/v2\/users\/8"}],"replies":[{"embeddable":true,"href":"https:\/\/samsonrh.ca\/en\/wp-json\/wp\/v2\/comments?post=379"}],"version-history":[{"count":0,"href":"https:\/\/samsonrh.ca\/en\/wp-json\/wp\/v2\/pages\/379\/revisions"}],"wp:attachment":[{"href":"https:\/\/samsonrh.ca\/en\/wp-json\/wp\/v2\/media?parent=379"}],"curies":[{"name":"wp","href":"https:\/\/api.w.org\/{rel}","templated":true}]}}