{"id":451,"date":"2019-03-22T08:28:29","date_gmt":"2019-03-22T08:28:29","guid":{"rendered":"https:\/\/samsonrh.ca\/?page_id=451"},"modified":"2021-03-04T23:40:59","modified_gmt":"2021-03-04T23:40:59","slug":"tools","status":"publish","type":"page","link":"https:\/\/samsonrh.ca\/en\/tools\/","title":{"rendered":"Tools"},"content":{"rendered":"<div class=\"wpb-content-wrapper\"><p>[vc_row row_height_percent=&#8221;0&#8243; back_image=&#8221;815&#8243; back_repeat=&#8221;no-repeat&#8221; back_position=&#8221;center center&#8221; overlay_color=&#8221;color-jevc&#8221; overlay_alpha=&#8221;38&#8243; gutter_size=&#8221;3&#8243; column_width_percent=&#8221;100&#8243; shift_y=&#8221;0&#8243; z_index=&#8221;0&#8243; css=&#8221;.vc_custom_1612482958080{padding-top: 40px !important;padding-bottom: 40px !important;}&#8221;][vc_column width=&#8221;1\/6&#8243;][\/vc_column][vc_column column_width_percent=&#8221;100&#8243; gutter_size=&#8221;3&#8243; override_padding=&#8221;yes&#8221; column_padding=&#8221;0&#8243; back_color=&#8221;color-xsdn&#8221; overlay_alpha=&#8221;50&#8243; shift_x=&#8221;0&#8243; shift_y=&#8221;0&#8243; shift_y_down=&#8221;0&#8243; z_index=&#8221;0&#8243; medium_width=&#8221;0&#8243; mobile_width=&#8221;0&#8243; width=&#8221;2\/3&#8243; css=&#8221;.vc_custom_1612385585814{padding-top: 15px !important;padding-right: 15px !important;padding-bottom: 15px !important;padding-left: 15px !important;}&#8221;][vc_column_text border_color=&#8221;color-444684&#8243; border_style=&#8221;solid&#8221; css=&#8221;.vc_custom_1612482850946{border-top-width: 3px !important;border-right-width: 3px !important;border-bottom-width: 3px !important;border-left-width: 3px !important;padding-top: 10px !important;padding-right: 20px !important;padding-bottom: 10px !important;padding-left: 20px !important;}&#8221;]<\/p>\n<h1 style=\"text-align: center;\">Outils et nouveaut\u00e9s<\/h1>\n<p>[\/vc_column_text][\/vc_column][vc_column width=&#8221;1\/6&#8243;][\/vc_column][\/vc_row][vc_row][vc_column width=&#8221;1\/1&#8243;][vc_column_text]<\/p>\n<h5 style=\"text-align: center;\">Nous avons mis \u00e0 votre disposition des outils en gestion des ressources humaines afin de vous aider \u00e0 maintenir \u00e0 jours vos politiques et vos pratiques RH.<\/h5>\n<p>[\/vc_column_text][\/vc_column][\/vc_row][vc_row row_height_percent=&#8221;0&#8243; override_padding=&#8221;yes&#8221; h_padding=&#8221;2&#8243; top_padding=&#8221;0&#8243; bottom_padding=&#8221;2&#8243; overlay_alpha=&#8221;50&#8243; gutter_size=&#8221;3&#8243; column_width_percent=&#8221;100&#8243; shift_y=&#8221;0&#8243; z_index=&#8221;0&#8243;][vc_column width=&#8221;1\/2&#8243;][vc_column_text]<\/p>\n<h6>Subventions possibles<\/h6>\n<p><strong>Ontario:<\/strong>\u00a0Formation et soutien financier pour les travailleurs mis \u00e0 pied<br \/>\n<strong>Qu\u00e9bec:<\/strong> Programme de subvention du Minist\u00e8re du Travail, de l\u2019Emploi et de la Solidarit\u00e9 sociale Emploi-Qu\u00e9bec[\/vc_column_text][vc_button button_color=&#8221;accent&#8221; radius=&#8221;btn-square&#8221; border_width=&#8221;0&#8243; link=&#8221;url:https%3A%2F%2Fwww.ic.gc.ca%2Fapp%2Fscr%2Finnovation%3Flang%3Dfra|target:_blank&#8221;]Qu\u00e9bec et Ontario[\/vc_button][vc_column_text]<\/p>\n<h6>Documents, guides et liens pratique au maintien des bonnes pratiques en GRH\u00a0:<\/h6>\n<p>[\/vc_column_text][vc_button button_color=&#8221;accent&#8221; radius=&#8221;btn-square&#8221; border_width=&#8221;0&#8243; link=&#8221;url:http%3A%2F%2Fwww.portailrh.org%2FRessources%2FAZ%2F|target:_blank&#8221;]Voir le guide[\/vc_button][\/vc_column][vc_column width=&#8221;1\/2&#8243;][vc_column_text]<\/p>\n<h6>Liens\u00a0\u00e0\u00a0consulter au\u00a0sujet\u00a0du harc\u00e8lement\u00a0au travail<\/h6>\n<ul>\n<li><a href=\"https:\/\/www.cnt.gouv.qc.ca\/en-cas-de\/harcelement-psychologique-ou-sexuel\/index.html\" target=\"_blank\" rel=\"noopener\">CNESST<\/a><\/li>\n<li><a href=\"http:\/\/www4.gouv.qc.ca\/FR\/Portail\/Citoyens\/Evenements\/travailleur-avec-salaire\/Pages\/harcelement-psychologique.aspx\" target=\"_blank\" rel=\"noopener\">Services Qu\u00e9bec<\/a><\/li>\n<li><a href=\"https:\/\/blogue.soquij.qc.ca\/2017\/03\/16\/harcelement-psychologique-travail-revue-de-jurisprudence-2016\" target=\"_blank\" rel=\"noopener\">Blogue<\/a><\/li>\n<li><a href=\"http:\/\/www.affairesrh.ca\/gestionnaires\/solutions-gestion\/fiche.aspx?p=362213\" target=\"_blank\" rel=\"noopener\">Les Affaires RH<\/a><\/li>\n<li><a href=\"https:\/\/www.inspq.qc.ca\/risques-psychosociaux-du-travail-et-promotion-de-la-sante-des-travailleursl\/harcelement-psychologique-au-travail\" target=\"_blank\" rel=\"noopener\">INSPQ<\/a><\/li>\n<li><a href=\"http:\/\/legisquebec.gouv.qc.ca\/fr\/ShowDoc\/cs\/C-12\" target=\"_blank\" rel=\"noopener\">Charte des droits et libert\u00e9s de la personne<\/a><\/li>\n<\/ul>\n<p>[\/vc_column_text][\/vc_column][\/vc_row]<\/p>\n<\/div>","protected":false},"excerpt":{"rendered":"<p>[vc_row row_height_percent=&#8221;0&#8243; back_image=&#8221;815&#8243; back_repeat=&#8221;no-repeat&#8221; back_position=&#8221;center center&#8221; overlay_color=&#8221;color-jevc&#8221; overlay_alpha=&#8221;38&#8243; gutter_size=&#8221;3&#8243; column_width_percent=&#8221;100&#8243; shift_y=&#8221;0&#8243; z_index=&#8221;0&#8243; css=&#8221;.vc_custom_1612482958080{padding-top: 40px !important;padding-bottom: 40px !important;}&#8221;][vc_column width=&#8221;1\/6&#8243;][\/vc_column][vc_column column_width_percent=&#8221;100&#8243; gutter_size=&#8221;3&#8243; [&hellip;]<\/p>\n","protected":false},"author":8,"featured_media":0,"parent":0,"menu_order":0,"comment_status":"closed","ping_status":"closed","template":"","meta":{"footnotes":""},"class_list":["post-451","page","type-page","status-publish","hentry"],"yoast_head":"<!-- This site is optimized with the Yoast SEO plugin v25.9 - https:\/\/yoast.com\/wordpress\/plugins\/seo\/ -->\n<title>Tools - Samson RH<\/title>\n<meta name=\"robots\" content=\"index, follow, max-snippet:-1, max-image-preview:large, max-video-preview:-1\" \/>\n<link rel=\"canonical\" href=\"https:\/\/samsonrh.ca\/en\/tools\/\" \/>\n<meta property=\"og:locale\" content=\"en_US\" \/>\n<meta property=\"og:type\" content=\"article\" \/>\n<meta property=\"og:title\" content=\"Tools - Samson RH\" \/>\n<meta property=\"og:description\" content=\"[vc_row row_height_percent=&#8221;0&#8243; back_image=&#8221;815&#8243; back_repeat=&#8221;no-repeat&#8221; back_position=&#8221;center center&#8221; overlay_color=&#8221;color-jevc&#8221; overlay_alpha=&#8221;38&#8243; gutter_size=&#8221;3&#8243; column_width_percent=&#8221;100&#8243; shift_y=&#8221;0&#8243; z_index=&#8221;0&#8243; css=&#8221;.vc_custom_1612482958080{padding-top: 40px !important;padding-bottom: 40px !important;}&#8221;][vc_column width=&#8221;1\/6&#8243;][\/vc_column][vc_column column_width_percent=&#8221;100&#8243; gutter_size=&#8221;3&#8243; [&hellip;]\" \/>\n<meta property=\"og:url\" content=\"https:\/\/samsonrh.ca\/en\/tools\/\" \/>\n<meta property=\"og:site_name\" content=\"Samson RH\" \/>\n<meta property=\"article:modified_time\" content=\"2021-03-04T23:40:59+00:00\" \/>\n<meta name=\"twitter:card\" content=\"summary_large_image\" \/>\n<meta name=\"twitter:label1\" content=\"Est. reading time\" \/>\n\t<meta name=\"twitter:data1\" content=\"1 minute\" \/>\n<script type=\"application\/ld+json\" class=\"yoast-schema-graph\">{\"@context\":\"https:\/\/schema.org\",\"@graph\":[{\"@type\":\"WebPage\",\"@id\":\"https:\/\/samsonrh.ca\/en\/tools\/\",\"url\":\"https:\/\/samsonrh.ca\/en\/tools\/\",\"name\":\"Tools - Samson RH\",\"isPartOf\":{\"@id\":\"https:\/\/samsonrh.ca\/#website\"},\"datePublished\":\"2019-03-22T08:28:29+00:00\",\"dateModified\":\"2021-03-04T23:40:59+00:00\",\"breadcrumb\":{\"@id\":\"https:\/\/samsonrh.ca\/en\/tools\/#breadcrumb\"},\"inLanguage\":\"en-CA\",\"potentialAction\":[{\"@type\":\"ReadAction\",\"target\":[\"https:\/\/samsonrh.ca\/en\/tools\/\"]}]},{\"@type\":\"BreadcrumbList\",\"@id\":\"https:\/\/samsonrh.ca\/en\/tools\/#breadcrumb\",\"itemListElement\":[{\"@type\":\"ListItem\",\"position\":1,\"name\":\"Accueil\",\"item\":\"https:\/\/samsonrh.ca\/en\/home-sun\/\"},{\"@type\":\"ListItem\",\"position\":2,\"name\":\"Tools\"}]},{\"@type\":\"WebSite\",\"@id\":\"https:\/\/samsonrh.ca\/#website\",\"url\":\"https:\/\/samsonrh.ca\/\",\"name\":\"Samson RH\",\"description\":\"Ressources humaines\",\"potentialAction\":[{\"@type\":\"SearchAction\",\"target\":{\"@type\":\"EntryPoint\",\"urlTemplate\":\"https:\/\/samsonrh.ca\/?s={search_term_string}\"},\"query-input\":{\"@type\":\"PropertyValueSpecification\",\"valueRequired\":true,\"valueName\":\"search_term_string\"}}],\"inLanguage\":\"en-CA\"}]}<\/script>\n<!-- \/ Yoast SEO plugin. -->","yoast_head_json":{"title":"Tools - Samson RH","robots":{"index":"index","follow":"follow","max-snippet":"max-snippet:-1","max-image-preview":"max-image-preview:large","max-video-preview":"max-video-preview:-1"},"canonical":"https:\/\/samsonrh.ca\/en\/tools\/","og_locale":"en_US","og_type":"article","og_title":"Tools - Samson RH","og_description":"[vc_row row_height_percent=&#8221;0&#8243; back_image=&#8221;815&#8243; back_repeat=&#8221;no-repeat&#8221; back_position=&#8221;center center&#8221; overlay_color=&#8221;color-jevc&#8221; overlay_alpha=&#8221;38&#8243; gutter_size=&#8221;3&#8243; column_width_percent=&#8221;100&#8243; shift_y=&#8221;0&#8243; z_index=&#8221;0&#8243; css=&#8221;.vc_custom_1612482958080{padding-top: 40px !important;padding-bottom: 40px !important;}&#8221;][vc_column width=&#8221;1\/6&#8243;][\/vc_column][vc_column column_width_percent=&#8221;100&#8243; gutter_size=&#8221;3&#8243; [&hellip;]","og_url":"https:\/\/samsonrh.ca\/en\/tools\/","og_site_name":"Samson RH","article_modified_time":"2021-03-04T23:40:59+00:00","twitter_card":"summary_large_image","twitter_misc":{"Est. reading time":"1 minute"},"schema":{"@context":"https:\/\/schema.org","@graph":[{"@type":"WebPage","@id":"https:\/\/samsonrh.ca\/en\/tools\/","url":"https:\/\/samsonrh.ca\/en\/tools\/","name":"Tools - Samson RH","isPartOf":{"@id":"https:\/\/samsonrh.ca\/#website"},"datePublished":"2019-03-22T08:28:29+00:00","dateModified":"2021-03-04T23:40:59+00:00","breadcrumb":{"@id":"https:\/\/samsonrh.ca\/en\/tools\/#breadcrumb"},"inLanguage":"en-CA","potentialAction":[{"@type":"ReadAction","target":["https:\/\/samsonrh.ca\/en\/tools\/"]}]},{"@type":"BreadcrumbList","@id":"https:\/\/samsonrh.ca\/en\/tools\/#breadcrumb","itemListElement":[{"@type":"ListItem","position":1,"name":"Accueil","item":"https:\/\/samsonrh.ca\/en\/home-sun\/"},{"@type":"ListItem","position":2,"name":"Tools"}]},{"@type":"WebSite","@id":"https:\/\/samsonrh.ca\/#website","url":"https:\/\/samsonrh.ca\/","name":"Samson RH","description":"Ressources humaines","potentialAction":[{"@type":"SearchAction","target":{"@type":"EntryPoint","urlTemplate":"https:\/\/samsonrh.ca\/?s={search_term_string}"},"query-input":{"@type":"PropertyValueSpecification","valueRequired":true,"valueName":"search_term_string"}}],"inLanguage":"en-CA"}]}},"_links":{"self":[{"href":"https:\/\/samsonrh.ca\/en\/wp-json\/wp\/v2\/pages\/451","targetHints":{"allow":["GET"]}}],"collection":[{"href":"https:\/\/samsonrh.ca\/en\/wp-json\/wp\/v2\/pages"}],"about":[{"href":"https:\/\/samsonrh.ca\/en\/wp-json\/wp\/v2\/types\/page"}],"author":[{"embeddable":true,"href":"https:\/\/samsonrh.ca\/en\/wp-json\/wp\/v2\/users\/8"}],"replies":[{"embeddable":true,"href":"https:\/\/samsonrh.ca\/en\/wp-json\/wp\/v2\/comments?post=451"}],"version-history":[{"count":0,"href":"https:\/\/samsonrh.ca\/en\/wp-json\/wp\/v2\/pages\/451\/revisions"}],"wp:attachment":[{"href":"https:\/\/samsonrh.ca\/en\/wp-json\/wp\/v2\/media?parent=451"}],"curies":[{"name":"wp","href":"https:\/\/api.w.org\/{rel}","templated":true}]}}